{"id":5,"date":"2014-09-11T02:16:14","date_gmt":"2014-09-11T02:16:14","guid":{"rendered":"http:\/\/ccln003.capnova.com\/~ompelukone\/?page_id=5"},"modified":"2020-07-05T16:16:52","modified_gmt":"2020-07-05T16:16:52","slug":"huolto","status":"publish","type":"page","link":"https:\/\/ompelukone.fi\/?page_id=5","title":{"rendered":"HUOLTO"},"content":{"rendered":"<p>Onko ompelukoneesi tai saumurisi huollon tarpeessa?<br \/>\nTuo koneesi meille niin huollamme koneesi kuntoon!<br \/>\nOmpelukoneen perushuolto sis\u00e4lt\u00e4\u00e4 puhdistuksen,\u00f6ljyt,tikit s\u00e4\u00e4det\u00e4\u00e4 ja koeommellaan.<\/p>\n<p>HUOLTO KAIKILLE OMPELU JA SAUMAUSKONEILLE<br \/>\nMY\u00d6S AMMATTI JA KOULUKONEET<br \/>\nHUSQ,SINGER,BERN.,JANOME,JUKI,PFAFF YM<\/p>\n<p>Valtuutettu huolto 40v kokemus<br \/>\n-NOPEA ja\u00a0EDULLINEN<br \/>\nesim. <strong>ompelukoneen perushuolto 25\u20ac.<\/strong><br \/>\n-KAIKKI MERKIT<br \/>\nBernina,Husq. Juki, Brother, Eva, Pfaff Ym.<br \/>\n-ILMAINEN Kuljetuspalvelu KOKO Uusimaa.<br \/>\nHUOM!<br \/>\nKuljetuspalvelu my\u00f6s koneen ostajalle!<br \/>\nHYV\u00c4T parkkitilat! Autolla oven eteen.\u00a0\u00a0\u00a0\u00a0\u00a0\u00a0\u00a0\u00a0\u00a0\u00a0\u00a0\u00a0\u00a0\u00a0\u00a0\u00a0\u00a0\u00a0\u00a0\u00a0\u00a0\u00a0\u00a0\u00a0\u00a0\u00a0\u00a0\u00a0\u00a0\u00a0\u00a0\u00a0\u00a0\u00a0\u00a0\u00a0\u00a0\u00a0\u00a0\u00a0\u00a0\u00a0\u00a0\u00a0\u00a0\u00a0\u00a0\u00a0\u00a0\u00a0\u00a0\u00a0\u00a0\u00a0\u00a0\u00a0\u00a0\u00a0\u00a0\u00a0\u00a0\u00a0\u00a0\u00a0\u00a0\u00a0\u00a0\u00a0\u00a0\u00a0\u00a0\u00a0\u00a0\u00a0\u00a0\u00a0\u00a0\u00a0\u00a0\u00a0\u00a0\u00a0\u00a0\u00a0\u00a0\u00a0\u00a0\u00a0\u00a0\u00a0\u00a0\u00a0\u00a0\u00a0\u00a0\u00a0\u00a0\u00a0 <strong>Soita ja kysy lis\u00e4\u00e4 09-3455085.<\/strong><\/p>\n","protected":false},"excerpt":{"rendered":"<p>Onko ompelukoneesi tai saumurisi huollon tarpeessa? Tuo koneesi meille niin huollamme koneesi kuntoon! Ompelukoneen perushuolto sis\u00e4lt\u00e4\u00e4 puhdistuksen,\u00f6ljyt,tikit s\u00e4\u00e4det\u00e4\u00e4 ja koeommellaan. HUOLTO KAIKILLE OMPELU JA SAUMAUSKONEILLE MY\u00d6S AMMATTI JA KOULUKONEET HUSQ,SINGER,BERN.,JANOME,JUKI,PFAFF YM Valtuutettu huolto 40v kokemus -NOPEA ja\u00a0EDULLINEN esim. ompelukoneen perushuolto 25\u20ac. -KAIKKI MERKIT Bernina,Husq. Juki, Brother, Eva, Pfaff Ym. -ILMAINEN Kuljetuspalvelu KOKO Uusimaa. HUOM! Kuljetuspalvelu &hellip; <a href=\"https:\/\/ompelukone.fi\/?page_id=5\" class=\"more-link\">Continue reading <span class=\"screen-reader-text\">HUOLTO<\/span> <span class=\"meta-nav\">&rarr;<\/span><\/a><\/p>\n","protected":false},"author":1,"featured_media":0,"parent":0,"menu_order":0,"comment_status":"open","ping_status":"open","template":"","meta":{"footnotes":""},"class_list":["post-5","page","type-page","status-publish","hentry"],"_links":{"self":[{"href":"https:\/\/ompelukone.fi\/index.php?rest_route=\/wp\/v2\/pages\/5","targetHints":{"allow":["GET"]}}],"collection":[{"href":"https:\/\/ompelukone.fi\/index.php?rest_route=\/wp\/v2\/pages"}],"about":[{"href":"https:\/\/ompelukone.fi\/index.php?rest_route=\/wp\/v2\/types\/page"}],"author":[{"embeddable":true,"href":"https:\/\/ompelukone.fi\/index.php?rest_route=\/wp\/v2\/users\/1"}],"replies":[{"embeddable":true,"href":"https:\/\/ompelukone.fi\/index.php?rest_route=%2Fwp%2Fv2%2Fcomments&post=5"}],"version-history":[{"count":8,"href":"https:\/\/ompelukone.fi\/index.php?rest_route=\/wp\/v2\/pages\/5\/revisions"}],"predecessor-version":[{"id":178,"href":"https:\/\/ompelukone.fi\/index.php?rest_route=\/wp\/v2\/pages\/5\/revisions\/178"}],"wp:attachment":[{"href":"https:\/\/ompelukone.fi\/index.php?rest_route=%2Fwp%2Fv2%2Fmedia&parent=5"}],"curies":[{"name":"wp","href":"https:\/\/api.w.org\/{rel}","templated":true}]}}